{"id":5144,"date":"2024-12-01T14:25:44","date_gmt":"2024-12-01T14:25:44","guid":{"rendered":"https:\/\/dogalurunlermagazasi.com\/?post_type=product&#038;p=5144"},"modified":"2026-04-07T20:22:17","modified_gmt":"2026-04-07T20:22:17","slug":"kutahya-kizilcik-tarhanasi-300gr","status":"publish","type":"product","link":"https:\/\/dogalurunlermagazasi.com\/?product=kutahya-kizilcik-tarhanasi-300gr","title":{"rendered":"300 Gr K\u00dcTAHYA KIZILCIK TARHANASI"},"content":{"rendered":"","protected":false},"excerpt":{"rendered":"<h6><strong>K\u00fctahya Tescilli Co\u011frafi \u0130\u015faretli K\u0131z\u0131lc\u0131k (Ek\u015fi) Tarhanas\u0131<\/strong><\/h6>\n<h6><strong>\u0130\u00e7eri\u011finde \u015funlar bulunmaktad\u0131r:<\/strong><\/h6>\n<ul>\n<li style=\"list-style-type: none\">\n<ul>\n<li>\n<h6>Taze ve olgunla\u015fm\u0131\u015f k\u0131z\u0131lc\u0131k meyvesi<\/h6>\n<\/li>\n<li>\n<h6>Sar\u0131 Bu\u011fday Unu<\/h6>\n<\/li>\n<li>\n<h6>Kaya Tuzu<\/h6>\n<\/li>\n<\/ul>\n<\/li>\n<\/ul>\n<h6><strong>\u00dcretim S\u00fcreci:<\/strong><\/h6>\n<ol>\n<li style=\"list-style-type: none\">\n<ol>\n<li>\n<h6>K\u0131z\u0131lc\u0131k meyveleri y\u0131kand\u0131ktan sonra \u00e7ekirdekleriyle birlikte kaynat\u0131l\u0131r.<\/h6>\n<\/li>\n<li>\n<h6>Kaynam\u0131\u015f haldeyken i\u00e7erisine sar\u0131 bu\u011fday unu ve kaya tuzu eklenerek yo\u011furulur.<\/h6>\n<\/li>\n<li>\n<h6>Yo\u011furma i\u015fleminden sonra \u00fcr\u00fcn raflara serilir ve kurumas\u0131 beklenir.<\/h6>\n<\/li>\n<li>\n<h6>Kuruyan par\u00e7alar eleklerden ge\u00e7irilerek k\u0131z\u0131lc\u0131k tarhanas\u0131 ile \u00e7ekirdekleri birbirinden ayr\u0131l\u0131r.<\/h6>\n<\/li>\n<li>\n<h6>\u00c7ekirdekten ayr\u0131lan k\u0131z\u0131lc\u0131k tarhanas\u0131, tekrar raflara serilerek do\u011fal ortamda tamamen kurutulur.<\/h6>\n<\/li>\n<\/ol>\n<\/li>\n<\/ol>\n<h6><strong>Haz\u0131rlama:<\/strong><\/h6>\n<ul>\n<li>\n<h6>1 kahve fincan\u0131 k\u0131z\u0131lc\u0131k tarhanas\u0131 3 su barda\u011f\u0131 so\u011fuk suda eritilir. Tencerede ya\u011fda so\u011fan , sar\u0131msak kavrulur. Eritilen k\u0131z\u0131lc\u0131k tarhanas\u0131 tencereye kat\u0131l\u0131p kaynat\u0131l\u0131r. AF\u0130YET OLSUN.<\/h6>\n<\/li>\n<\/ul>\n<h6><strong>\u00d6zellikler:<\/strong><\/h6>\n<ul>\n<li style=\"list-style-type: none\">\n<ul>\n<li>\n<h6>K\u0131z\u0131lc\u0131k tarhanas\u0131, \u00f6zellikle i\u00e7erisinde y\u00fcksek oranda C ve E vitaminleri bulunur. Bu vitaminler, ba\u011f\u0131\u015f\u0131kl\u0131k sistemini destekler ve genel sa\u011fl\u0131\u011fa katk\u0131 sa\u011flar.<\/h6>\n<\/li>\n<li>\n<h6>Y\u00fcksek lif i\u00e7eri\u011fi ile sindirim sistemine destek olur ve uzun s\u00fcre tok kalman\u0131za yard\u0131mc\u0131 olur.<\/h6>\n<\/li>\n<li>\n<h6>K\u0131z\u0131lc\u0131k tarhanas\u0131, do\u011fal pembemsi ve k\u0131rm\u0131z\u0131ms\u0131 rengini koruyabilmesi i\u00e7in do\u011frudan g\u00fcne\u015f almayan bir ortamda kurutulur. Bu sayede do\u011fal renk ve lezzet korunur.<\/h6>\n<\/li>\n<li>\n<h6>Y\u00fcksek C ve E vitaminleri i\u00e7eri\u011fi ile ba\u011f\u0131\u015f\u0131kl\u0131k sisteminizi g\u00fc\u00e7lendirir ve v\u00fccut direncinizi art\u0131r\u0131r.<\/h6>\n<\/li>\n<li>\n<h6>G\u0131da kodeksine uygun \u015fekilde \u00fcretilmektedir.<\/h6>\n<\/li>\n<\/ul>\n<\/li>\n<li>\n<h6><strong>Saklama \u00d6nerisi:<\/strong><\/h6>\n<ul>\n<li>\n<h6>Serin ve kuru yerde muhafaza ediniz.<\/h6>\n<\/li>\n<\/ul>\n<\/li>\n<\/ul>\n","protected":false},"featured_media":5145,"comment_status":"open","ping_status":"closed","template":"","meta":[],"etheme_brands":[],"product_cat":[53],"product_tag":[],"class_list":{"0":"post-5144","1":"product","2":"type-product","3":"status-publish","4":"has-post-thumbnail","6":"product_cat-tarhana","8":"first","9":"instock","10":"sale","11":"shipping-taxable","12":"purchasable","13":"product-type-simple"},"yoast_head":"<!-- This site is optimized with the Yoast SEO plugin v25.6 - https:\/\/yoast.com\/wordpress\/plugins\/seo\/ -->\n<title>300 Gr K\u00dcTAHYA KIZILCIK TARHANASI - Do\u011fal \u00dcr\u00fcnler Ma\u011fazas\u0131<\/title>\n<meta name=\"robots\" content=\"index, follow, max-snippet:-1, max-image-preview:large, max-video-preview:-1\" \/>\n<link rel=\"canonical\" href=\"https:\/\/dogalurunlermagazasi.com\/?product=kutahya-kizilcik-tarhanasi-300gr\" \/>\n<meta property=\"og:locale\" content=\"tr_TR\" \/>\n<meta property=\"og:type\" content=\"article\" \/>\n<meta property=\"og:title\" content=\"300 Gr K\u00dcTAHYA KIZILCIK TARHANASI - Do\u011fal \u00dcr\u00fcnler Ma\u011fazas\u0131\" \/>\n<meta property=\"og:description\" content=\"K\u00fctahya Tescilli Co\u011frafi \u0130\u015faretli K\u0131z\u0131lc\u0131k (Ek\u015fi) Tarhanas\u0131 \u0130\u00e7eri\u011finde \u015funlar bulunmaktad\u0131r:       Taze ve olgunla\u015fm\u0131\u015f k\u0131z\u0131lc\u0131k meyvesi    Sar\u0131 Bu\u011fday Unu    Kaya Tuzu     \u00dcretim S\u00fcreci:       K\u0131z\u0131lc\u0131k meyveleri y\u0131kand\u0131ktan sonra \u00e7ekirdekleriyle birlikte kaynat\u0131l\u0131r.    Kaynam\u0131\u015f haldeyken i\u00e7erisine sar\u0131 bu\u011fday unu ve kaya tuzu eklenerek yo\u011furulur.    Yo\u011furma i\u015fleminden sonra \u00fcr\u00fcn raflara serilir ve kurumas\u0131 beklenir.    Kuruyan par\u00e7alar eleklerden ge\u00e7irilerek k\u0131z\u0131lc\u0131k tarhanas\u0131 ile \u00e7ekirdekleri birbirinden ayr\u0131l\u0131r.    \u00c7ekirdekten ayr\u0131lan k\u0131z\u0131lc\u0131k tarhanas\u0131, tekrar raflara serilerek do\u011fal ortamda tamamen kurutulur.     Haz\u0131rlama:    1 kahve fincan\u0131 k\u0131z\u0131lc\u0131k tarhanas\u0131 3 su barda\u011f\u0131 so\u011fuk suda eritilir. Tencerede ya\u011fda so\u011fan , sar\u0131msak kavrulur. Eritilen k\u0131z\u0131lc\u0131k tarhanas\u0131 tencereye kat\u0131l\u0131p kaynat\u0131l\u0131r. AF\u0130YET OLSUN.   \u00d6zellikler:       K\u0131z\u0131lc\u0131k tarhanas\u0131, \u00f6zellikle i\u00e7erisinde y\u00fcksek oranda C ve E vitaminleri bulunur. Bu vitaminler, ba\u011f\u0131\u015f\u0131kl\u0131k sistemini destekler ve genel sa\u011fl\u0131\u011fa katk\u0131 sa\u011flar.    Y\u00fcksek lif i\u00e7eri\u011fi ile sindirim sistemine destek olur ve uzun s\u00fcre tok kalman\u0131za yard\u0131mc\u0131 olur.    K\u0131z\u0131lc\u0131k tarhanas\u0131, do\u011fal pembemsi ve k\u0131rm\u0131z\u0131ms\u0131 rengini koruyabilmesi i\u00e7in do\u011frudan g\u00fcne\u015f almayan bir ortamda kurutulur. Bu sayede do\u011fal renk ve lezzet korunur.    Y\u00fcksek C ve E vitaminleri i\u00e7eri\u011fi ile ba\u011f\u0131\u015f\u0131kl\u0131k sisteminizi g\u00fc\u00e7lendirir ve v\u00fccut direncinizi art\u0131r\u0131r.    G\u0131da kodeksine uygun \u015fekilde \u00fcretilmektedir.      Saklama \u00d6nerisi:    Serin ve kuru yerde muhafaza ediniz.\" \/>\n<meta property=\"og:url\" content=\"https:\/\/dogalurunlermagazasi.com\/?product=kutahya-kizilcik-tarhanasi-300gr\" \/>\n<meta property=\"og:site_name\" content=\"Do\u011fal \u00dcr\u00fcnler Ma\u011fazas\u0131\" \/>\n<meta property=\"article:modified_time\" content=\"2026-04-07T20:22:17+00:00\" \/>\n<meta property=\"og:image\" content=\"https:\/\/dogalurunlermagazasi.com\/wp-content\/uploads\/2024\/12\/kizilciktarhanasi300gr-Photoroom.jpg\" \/>\n\t<meta property=\"og:image:width\" content=\"1500\" \/>\n\t<meta property=\"og:image:height\" content=\"2000\" \/>\n\t<meta property=\"og:image:type\" content=\"image\/jpeg\" \/>\n<meta name=\"twitter:card\" content=\"summary_large_image\" \/>\n<script type=\"application\/ld+json\" class=\"yoast-schema-graph\">{\"@context\":\"https:\/\/schema.org\",\"@graph\":[{\"@type\":\"WebPage\",\"@id\":\"https:\/\/dogalurunlermagazasi.com\/?product=kutahya-kizilcik-tarhanasi-300gr\",\"url\":\"https:\/\/dogalurunlermagazasi.com\/?product=kutahya-kizilcik-tarhanasi-300gr\",\"name\":\"300 Gr K\u00dcTAHYA KIZILCIK TARHANASI - Do\u011fal \u00dcr\u00fcnler Ma\u011fazas\u0131\",\"isPartOf\":{\"@id\":\"https:\/\/dogalurunlermagazasi.com\/#website\"},\"primaryImageOfPage\":{\"@id\":\"https:\/\/dogalurunlermagazasi.com\/?product=kutahya-kizilcik-tarhanasi-300gr#primaryimage\"},\"image\":{\"@id\":\"https:\/\/dogalurunlermagazasi.com\/?product=kutahya-kizilcik-tarhanasi-300gr#primaryimage\"},\"thumbnailUrl\":\"https:\/\/dogalurunlermagazasi.com\/wp-content\/uploads\/2024\/12\/kizilciktarhanasi300gr-Photoroom.jpg\",\"datePublished\":\"2024-12-01T14:25:44+00:00\",\"dateModified\":\"2026-04-07T20:22:17+00:00\",\"breadcrumb\":{\"@id\":\"https:\/\/dogalurunlermagazasi.com\/?product=kutahya-kizilcik-tarhanasi-300gr#breadcrumb\"},\"inLanguage\":\"tr\",\"potentialAction\":[{\"@type\":\"ReadAction\",\"target\":[\"https:\/\/dogalurunlermagazasi.com\/?product=kutahya-kizilcik-tarhanasi-300gr\"]}]},{\"@type\":\"ImageObject\",\"inLanguage\":\"tr\",\"@id\":\"https:\/\/dogalurunlermagazasi.com\/?product=kutahya-kizilcik-tarhanasi-300gr#primaryimage\",\"url\":\"https:\/\/dogalurunlermagazasi.com\/wp-content\/uploads\/2024\/12\/kizilciktarhanasi300gr-Photoroom.jpg\",\"contentUrl\":\"https:\/\/dogalurunlermagazasi.com\/wp-content\/uploads\/2024\/12\/kizilciktarhanasi300gr-Photoroom.jpg\",\"width\":1500,\"height\":2000},{\"@type\":\"BreadcrumbList\",\"@id\":\"https:\/\/dogalurunlermagazasi.com\/?product=kutahya-kizilcik-tarhanasi-300gr#breadcrumb\",\"itemListElement\":[{\"@type\":\"ListItem\",\"position\":1,\"name\":\"Anasayfa\",\"item\":\"https:\/\/dogalurunlermagazasi.com\/\"},{\"@type\":\"ListItem\",\"position\":2,\"name\":\"\u00dcr\u00fcnler\",\"item\":\"https:\/\/dogalurunlermagazasi.com\/?page_id=4491\"},{\"@type\":\"ListItem\",\"position\":3,\"name\":\"300 Gr K\u00dcTAHYA KIZILCIK TARHANASI\"}]},{\"@type\":\"WebSite\",\"@id\":\"https:\/\/dogalurunlermagazasi.com\/#website\",\"url\":\"https:\/\/dogalurunlermagazasi.com\/\",\"name\":\"Do\u011fal \u00dcr\u00fcnler Ma\u011fazas\u0131\",\"description\":\"Tarihi K\u00fctahya Kona\u011f\u0131\",\"publisher\":{\"@id\":\"https:\/\/dogalurunlermagazasi.com\/#organization\"},\"potentialAction\":[{\"@type\":\"SearchAction\",\"target\":{\"@type\":\"EntryPoint\",\"urlTemplate\":\"https:\/\/dogalurunlermagazasi.com\/?s={search_term_string}\"},\"query-input\":{\"@type\":\"PropertyValueSpecification\",\"valueRequired\":true,\"valueName\":\"search_term_string\"}}],\"inLanguage\":\"tr\"},{\"@type\":\"Organization\",\"@id\":\"https:\/\/dogalurunlermagazasi.com\/#organization\",\"name\":\"Do\u011fal \u00dcr\u00fcnler Ma\u011fazas\u0131\",\"url\":\"https:\/\/dogalurunlermagazasi.com\/\",\"logo\":{\"@type\":\"ImageObject\",\"inLanguage\":\"tr\",\"@id\":\"https:\/\/dogalurunlermagazasi.com\/#\/schema\/logo\/image\/\",\"url\":\"https:\/\/dogalurunlermagazasi.com\/wp-content\/uploads\/2024\/11\/tarihikutahyakonagitarhana-e1732798681447.png\",\"contentUrl\":\"https:\/\/dogalurunlermagazasi.com\/wp-content\/uploads\/2024\/11\/tarihikutahyakonagitarhana-e1732798681447.png\",\"width\":160,\"height\":160,\"caption\":\"Do\u011fal \u00dcr\u00fcnler Ma\u011fazas\u0131\"},\"image\":{\"@id\":\"https:\/\/dogalurunlermagazasi.com\/#\/schema\/logo\/image\/\"},\"sameAs\":[\"https:\/\/www.instagram.com\/dogalurunlermagazasi\"]}]}<\/script>\n<!-- \/ Yoast SEO plugin. -->","yoast_head_json":{"title":"300 Gr K\u00dcTAHYA KIZILCIK TARHANASI - Do\u011fal \u00dcr\u00fcnler Ma\u011fazas\u0131","robots":{"index":"index","follow":"follow","max-snippet":"max-snippet:-1","max-image-preview":"max-image-preview:large","max-video-preview":"max-video-preview:-1"},"canonical":"https:\/\/dogalurunlermagazasi.com\/?product=kutahya-kizilcik-tarhanasi-300gr","og_locale":"tr_TR","og_type":"article","og_title":"300 Gr K\u00dcTAHYA KIZILCIK TARHANASI - Do\u011fal \u00dcr\u00fcnler Ma\u011fazas\u0131","og_description":"K\u00fctahya Tescilli Co\u011frafi \u0130\u015faretli K\u0131z\u0131lc\u0131k (Ek\u015fi) Tarhanas\u0131 \u0130\u00e7eri\u011finde \u015funlar bulunmaktad\u0131r:       Taze ve olgunla\u015fm\u0131\u015f k\u0131z\u0131lc\u0131k meyvesi    Sar\u0131 Bu\u011fday Unu    Kaya Tuzu     \u00dcretim S\u00fcreci:       K\u0131z\u0131lc\u0131k meyveleri y\u0131kand\u0131ktan sonra \u00e7ekirdekleriyle birlikte kaynat\u0131l\u0131r.    Kaynam\u0131\u015f haldeyken i\u00e7erisine sar\u0131 bu\u011fday unu ve kaya tuzu eklenerek yo\u011furulur.    Yo\u011furma i\u015fleminden sonra \u00fcr\u00fcn raflara serilir ve kurumas\u0131 beklenir.    Kuruyan par\u00e7alar eleklerden ge\u00e7irilerek k\u0131z\u0131lc\u0131k tarhanas\u0131 ile \u00e7ekirdekleri birbirinden ayr\u0131l\u0131r.    \u00c7ekirdekten ayr\u0131lan k\u0131z\u0131lc\u0131k tarhanas\u0131, tekrar raflara serilerek do\u011fal ortamda tamamen kurutulur.     Haz\u0131rlama:    1 kahve fincan\u0131 k\u0131z\u0131lc\u0131k tarhanas\u0131 3 su barda\u011f\u0131 so\u011fuk suda eritilir. Tencerede ya\u011fda so\u011fan , sar\u0131msak kavrulur. Eritilen k\u0131z\u0131lc\u0131k tarhanas\u0131 tencereye kat\u0131l\u0131p kaynat\u0131l\u0131r. AF\u0130YET OLSUN.   \u00d6zellikler:       K\u0131z\u0131lc\u0131k tarhanas\u0131, \u00f6zellikle i\u00e7erisinde y\u00fcksek oranda C ve E vitaminleri bulunur. Bu vitaminler, ba\u011f\u0131\u015f\u0131kl\u0131k sistemini destekler ve genel sa\u011fl\u0131\u011fa katk\u0131 sa\u011flar.    Y\u00fcksek lif i\u00e7eri\u011fi ile sindirim sistemine destek olur ve uzun s\u00fcre tok kalman\u0131za yard\u0131mc\u0131 olur.    K\u0131z\u0131lc\u0131k tarhanas\u0131, do\u011fal pembemsi ve k\u0131rm\u0131z\u0131ms\u0131 rengini koruyabilmesi i\u00e7in do\u011frudan g\u00fcne\u015f almayan bir ortamda kurutulur. Bu sayede do\u011fal renk ve lezzet korunur.    Y\u00fcksek C ve E vitaminleri i\u00e7eri\u011fi ile ba\u011f\u0131\u015f\u0131kl\u0131k sisteminizi g\u00fc\u00e7lendirir ve v\u00fccut direncinizi art\u0131r\u0131r.    G\u0131da kodeksine uygun \u015fekilde \u00fcretilmektedir.      Saklama \u00d6nerisi:    Serin ve kuru yerde muhafaza ediniz.","og_url":"https:\/\/dogalurunlermagazasi.com\/?product=kutahya-kizilcik-tarhanasi-300gr","og_site_name":"Do\u011fal \u00dcr\u00fcnler Ma\u011fazas\u0131","article_modified_time":"2026-04-07T20:22:17+00:00","og_image":[{"width":1500,"height":2000,"url":"https:\/\/dogalurunlermagazasi.com\/wp-content\/uploads\/2024\/12\/kizilciktarhanasi300gr-Photoroom.jpg","type":"image\/jpeg"}],"twitter_card":"summary_large_image","schema":{"@context":"https:\/\/schema.org","@graph":[{"@type":"WebPage","@id":"https:\/\/dogalurunlermagazasi.com\/?product=kutahya-kizilcik-tarhanasi-300gr","url":"https:\/\/dogalurunlermagazasi.com\/?product=kutahya-kizilcik-tarhanasi-300gr","name":"300 Gr K\u00dcTAHYA KIZILCIK TARHANASI - Do\u011fal \u00dcr\u00fcnler Ma\u011fazas\u0131","isPartOf":{"@id":"https:\/\/dogalurunlermagazasi.com\/#website"},"primaryImageOfPage":{"@id":"https:\/\/dogalurunlermagazasi.com\/?product=kutahya-kizilcik-tarhanasi-300gr#primaryimage"},"image":{"@id":"https:\/\/dogalurunlermagazasi.com\/?product=kutahya-kizilcik-tarhanasi-300gr#primaryimage"},"thumbnailUrl":"https:\/\/dogalurunlermagazasi.com\/wp-content\/uploads\/2024\/12\/kizilciktarhanasi300gr-Photoroom.jpg","datePublished":"2024-12-01T14:25:44+00:00","dateModified":"2026-04-07T20:22:17+00:00","breadcrumb":{"@id":"https:\/\/dogalurunlermagazasi.com\/?product=kutahya-kizilcik-tarhanasi-300gr#breadcrumb"},"inLanguage":"tr","potentialAction":[{"@type":"ReadAction","target":["https:\/\/dogalurunlermagazasi.com\/?product=kutahya-kizilcik-tarhanasi-300gr"]}]},{"@type":"ImageObject","inLanguage":"tr","@id":"https:\/\/dogalurunlermagazasi.com\/?product=kutahya-kizilcik-tarhanasi-300gr#primaryimage","url":"https:\/\/dogalurunlermagazasi.com\/wp-content\/uploads\/2024\/12\/kizilciktarhanasi300gr-Photoroom.jpg","contentUrl":"https:\/\/dogalurunlermagazasi.com\/wp-content\/uploads\/2024\/12\/kizilciktarhanasi300gr-Photoroom.jpg","width":1500,"height":2000},{"@type":"BreadcrumbList","@id":"https:\/\/dogalurunlermagazasi.com\/?product=kutahya-kizilcik-tarhanasi-300gr#breadcrumb","itemListElement":[{"@type":"ListItem","position":1,"name":"Anasayfa","item":"https:\/\/dogalurunlermagazasi.com\/"},{"@type":"ListItem","position":2,"name":"\u00dcr\u00fcnler","item":"https:\/\/dogalurunlermagazasi.com\/?page_id=4491"},{"@type":"ListItem","position":3,"name":"300 Gr K\u00dcTAHYA KIZILCIK TARHANASI"}]},{"@type":"WebSite","@id":"https:\/\/dogalurunlermagazasi.com\/#website","url":"https:\/\/dogalurunlermagazasi.com\/","name":"Do\u011fal \u00dcr\u00fcnler Ma\u011fazas\u0131","description":"Tarihi K\u00fctahya Kona\u011f\u0131","publisher":{"@id":"https:\/\/dogalurunlermagazasi.com\/#organization"},"potentialAction":[{"@type":"SearchAction","target":{"@type":"EntryPoint","urlTemplate":"https:\/\/dogalurunlermagazasi.com\/?s={search_term_string}"},"query-input":{"@type":"PropertyValueSpecification","valueRequired":true,"valueName":"search_term_string"}}],"inLanguage":"tr"},{"@type":"Organization","@id":"https:\/\/dogalurunlermagazasi.com\/#organization","name":"Do\u011fal \u00dcr\u00fcnler Ma\u011fazas\u0131","url":"https:\/\/dogalurunlermagazasi.com\/","logo":{"@type":"ImageObject","inLanguage":"tr","@id":"https:\/\/dogalurunlermagazasi.com\/#\/schema\/logo\/image\/","url":"https:\/\/dogalurunlermagazasi.com\/wp-content\/uploads\/2024\/11\/tarihikutahyakonagitarhana-e1732798681447.png","contentUrl":"https:\/\/dogalurunlermagazasi.com\/wp-content\/uploads\/2024\/11\/tarihikutahyakonagitarhana-e1732798681447.png","width":160,"height":160,"caption":"Do\u011fal \u00dcr\u00fcnler Ma\u011fazas\u0131"},"image":{"@id":"https:\/\/dogalurunlermagazasi.com\/#\/schema\/logo\/image\/"},"sameAs":["https:\/\/www.instagram.com\/dogalurunlermagazasi"]}]}},"jetpack_sharing_enabled":true,"_links":{"self":[{"href":"https:\/\/dogalurunlermagazasi.com\/index.php?rest_route=\/wp\/v2\/product\/5144","targetHints":{"allow":["GET"]}}],"collection":[{"href":"https:\/\/dogalurunlermagazasi.com\/index.php?rest_route=\/wp\/v2\/product"}],"about":[{"href":"https:\/\/dogalurunlermagazasi.com\/index.php?rest_route=\/wp\/v2\/types\/product"}],"replies":[{"embeddable":true,"href":"https:\/\/dogalurunlermagazasi.com\/index.php?rest_route=%2Fwp%2Fv2%2Fcomments&post=5144"}],"version-history":[{"count":6,"href":"https:\/\/dogalurunlermagazasi.com\/index.php?rest_route=\/wp\/v2\/product\/5144\/revisions"}],"predecessor-version":[{"id":5405,"href":"https:\/\/dogalurunlermagazasi.com\/index.php?rest_route=\/wp\/v2\/product\/5144\/revisions\/5405"}],"wp:featuredmedia":[{"embeddable":true,"href":"https:\/\/dogalurunlermagazasi.com\/index.php?rest_route=\/wp\/v2\/media\/5145"}],"wp:attachment":[{"href":"https:\/\/dogalurunlermagazasi.com\/index.php?rest_route=%2Fwp%2Fv2%2Fmedia&parent=5144"}],"wp:term":[{"taxonomy":"brand","embeddable":true,"href":"https:\/\/dogalurunlermagazasi.com\/index.php?rest_route=%2Fwp%2Fv2%2Fetheme_brands&post=5144"},{"taxonomy":"product_cat","embeddable":true,"href":"https:\/\/dogalurunlermagazasi.com\/index.php?rest_route=%2Fwp%2Fv2%2Fproduct_cat&post=5144"},{"taxonomy":"product_tag","embeddable":true,"href":"https:\/\/dogalurunlermagazasi.com\/index.php?rest_route=%2Fwp%2Fv2%2Fproduct_tag&post=5144"}],"curies":[{"name":"wp","href":"https:\/\/api.w.org\/{rel}","templated":true}]}}