{"id":4554,"date":"2019-01-11T14:16:34","date_gmt":"2019-01-11T14:16:34","guid":{"rendered":"https:\/\/xstore.8theme.com\/demos\/2\/organic02\/?post_type=product&#038;p=4554"},"modified":"2026-01-09T14:14:10","modified_gmt":"2026-01-09T14:14:10","slug":"acilievtarhanasi","status":"publish","type":"product","link":"https:\/\/dogalurunlermagazasi.com\/?product=acilievtarhanasi","title":{"rendered":"500 Gr ACILI EV TARHANASI"},"content":{"rendered":"","protected":false},"excerpt":{"rendered":"<div class=\"row flex align-items-center\">\n<div class=\"col-md-5\">\n<ul>\n<li>\n<div class=\"col-md-5\">\n<ul>\n<li>\n<h6>Tamamen do\u011fal ortamda, taze sebzelerden ve bol s\u00fczme k\u00f6y yo\u011furdundan \u00fcretilmektedir.<\/h6>\n<\/li>\n<li>\n<h6>Do\u011fal y\u00f6ntemlerle mayaland\u0131r\u0131l\u0131p kurutulmaktad\u0131r.<\/h6>\n<\/li>\n<li>\n<h6>Kesinlikle sal\u00e7a veya katk\u0131 maddesi kullan\u0131lmamaktad\u0131r.<\/h6>\n<\/li>\n<li>\n<h6>G\u0131da kodeksine uygun \u015fekilde \u00fcretilmektedir.<\/h6>\n<\/li>\n<li class=\"col-md-5\">\n<h6>\u00a0Gluten i\u00e7erir.<\/h6>\n<\/li>\n<\/ul>\n<h6><strong>\u0130\u00e7eri\u011finde \u015funlar bulunmaktad\u0131r:<\/strong><\/h6>\n<ul>\n<li style=\"list-style-type: none\">\n<ul>\n<li style=\"list-style-type: none\">\n<ul>\n<li>\n<h6>Sar\u0131 Bu\u011fday Unu<\/h6>\n<\/li>\n<li>\n<h6>Ya\u011fl\u0131 S\u00fczme K\u00f6y Yo\u011furdu<\/h6>\n<\/li>\n<li>\n<h6>K\u0131rm\u0131z\u0131 Ac\u0131l\u0131 Kapya Biber<\/h6>\n<\/li>\n<li>\n<h6>Kuru So\u011fan<\/h6>\n<\/li>\n<li>\n<h6>Domates<\/h6>\n<\/li>\n<li>\n<h6>Ev mayas\u0131<\/h6>\n<\/li>\n<li>\n<h6>Nane<\/h6>\n<\/li>\n<\/ul>\n<\/li>\n<\/ul>\n<\/li>\n<\/ul>\n<h6><strong>Haz\u0131rlama<\/strong> :<\/h6>\n<ul>\n<li>\n<h6>Yar\u0131m su barda\u011f\u0131 tarhana 4 su barda\u011f\u0131 so\u011fuk suda eritilir.<\/h6>\n<\/li>\n<li>\n<h6>Tencerede ya\u011f ve 1 \u00e7ay ka\u015f\u0131\u011f\u0131 domates sal\u00e7as\u0131 kavrulur.<\/h6>\n<\/li>\n<li>\n<h6>Eritilen tarhana tencereye kat\u0131l\u0131p kaynat\u0131l\u0131r.<\/h6>\n<\/li>\n<li>\n<h6>\u0130ste\u011fe g\u00f6re nane ve tuz ilavesi yap\u0131l\u0131r.<\/h6>\n<\/li>\n<li>\n<h6>AF\u0130YET OLSUN.<\/h6>\n<\/li>\n<\/ul>\n<ul>\n<li style=\"list-style-type: none\">\n<ul>\n<li style=\"list-style-type: none\"><\/li>\n<\/ul>\n<\/li>\n<\/ul>\n<\/div>\n<h6 class=\"col-md-7 text-center\"><\/h6>\n<\/li>\n<\/ul>\n<\/div>\n<\/div>\n","protected":false},"featured_media":5125,"comment_status":"open","ping_status":"closed","template":"","meta":[],"etheme_brands":[],"product_cat":[53],"product_tag":[],"class_list":{"0":"post-4554","1":"product","2":"type-product","3":"status-publish","4":"has-post-thumbnail","6":"product_cat-tarhana","8":"first","9":"instock","10":"sale","11":"shipping-taxable","12":"purchasable","13":"product-type-simple"},"yoast_head":"<!-- This site is optimized with the Yoast SEO plugin v25.6 - https:\/\/yoast.com\/wordpress\/plugins\/seo\/ -->\n<title>500 Gr ACILI EV TARHANASI - Do\u011fal \u00dcr\u00fcnler Ma\u011fazas\u0131<\/title>\n<meta name=\"robots\" content=\"index, follow, max-snippet:-1, max-image-preview:large, max-video-preview:-1\" \/>\n<link rel=\"canonical\" href=\"https:\/\/dogalurunlermagazasi.com\/?product=acilievtarhanasi\" \/>\n<meta property=\"og:locale\" content=\"tr_TR\" \/>\n<meta property=\"og:type\" content=\"article\" \/>\n<meta property=\"og:title\" content=\"500 Gr ACILI EV TARHANASI - Do\u011fal \u00dcr\u00fcnler Ma\u011fazas\u0131\" \/>\n<meta property=\"og:description\" content=\"Tamamen do\u011fal ortamda, taze sebzelerden ve bol s\u00fczme k\u00f6y yo\u011furdundan \u00fcretilmektedir.    Do\u011fal y\u00f6ntemlerle mayaland\u0131r\u0131l\u0131p kurutulmaktad\u0131r.    Kesinlikle sal\u00e7a veya katk\u0131 maddesi kullan\u0131lmamaktad\u0131r.    G\u0131da kodeksine uygun \u015fekilde \u00fcretilmektedir.    \u00a0Gluten i\u00e7erir.   \u0130\u00e7eri\u011finde \u015funlar bulunmaktad\u0131r:          Sar\u0131 Bu\u011fday Unu    Ya\u011fl\u0131 S\u00fczme K\u00f6y Yo\u011furdu    K\u0131rm\u0131z\u0131 Ac\u0131l\u0131 Kapya Biber    Kuru So\u011fan    Domates    Ev mayas\u0131    Nane       Haz\u0131rlama :    Yar\u0131m su barda\u011f\u0131 tarhana 4 su barda\u011f\u0131 so\u011fuk suda eritilir.    Tencerede ya\u011f ve 1 \u00e7ay ka\u015f\u0131\u011f\u0131 domates sal\u00e7as\u0131 kavrulur.    Eritilen tarhana tencereye kat\u0131l\u0131p kaynat\u0131l\u0131r.    \u0130ste\u011fe g\u00f6re nane ve tuz ilavesi yap\u0131l\u0131r.    AF\u0130YET OLSUN.\" \/>\n<meta property=\"og:url\" content=\"https:\/\/dogalurunlermagazasi.com\/?product=acilievtarhanasi\" \/>\n<meta property=\"og:site_name\" content=\"Do\u011fal \u00dcr\u00fcnler Ma\u011fazas\u0131\" \/>\n<meta property=\"article:modified_time\" content=\"2026-01-09T14:14:10+00:00\" \/>\n<meta property=\"og:image\" content=\"https:\/\/dogalurunlermagazasi.com\/wp-content\/uploads\/2019\/01\/acilitarhana500gr.jpg\" \/>\n\t<meta property=\"og:image:width\" content=\"1500\" \/>\n\t<meta property=\"og:image:height\" content=\"2000\" \/>\n\t<meta property=\"og:image:type\" content=\"image\/jpeg\" \/>\n<meta name=\"twitter:card\" content=\"summary_large_image\" \/>\n<script type=\"application\/ld+json\" class=\"yoast-schema-graph\">{\"@context\":\"https:\/\/schema.org\",\"@graph\":[{\"@type\":\"WebPage\",\"@id\":\"https:\/\/dogalurunlermagazasi.com\/?product=acilievtarhanasi\",\"url\":\"https:\/\/dogalurunlermagazasi.com\/?product=acilievtarhanasi\",\"name\":\"500 Gr ACILI EV TARHANASI - Do\u011fal \u00dcr\u00fcnler Ma\u011fazas\u0131\",\"isPartOf\":{\"@id\":\"https:\/\/dogalurunlermagazasi.com\/#website\"},\"primaryImageOfPage\":{\"@id\":\"https:\/\/dogalurunlermagazasi.com\/?product=acilievtarhanasi#primaryimage\"},\"image\":{\"@id\":\"https:\/\/dogalurunlermagazasi.com\/?product=acilievtarhanasi#primaryimage\"},\"thumbnailUrl\":\"https:\/\/dogalurunlermagazasi.com\/wp-content\/uploads\/2019\/01\/acilitarhana500gr.jpg\",\"datePublished\":\"2019-01-11T14:16:34+00:00\",\"dateModified\":\"2026-01-09T14:14:10+00:00\",\"breadcrumb\":{\"@id\":\"https:\/\/dogalurunlermagazasi.com\/?product=acilievtarhanasi#breadcrumb\"},\"inLanguage\":\"tr\",\"potentialAction\":[{\"@type\":\"ReadAction\",\"target\":[\"https:\/\/dogalurunlermagazasi.com\/?product=acilievtarhanasi\"]}]},{\"@type\":\"ImageObject\",\"inLanguage\":\"tr\",\"@id\":\"https:\/\/dogalurunlermagazasi.com\/?product=acilievtarhanasi#primaryimage\",\"url\":\"https:\/\/dogalurunlermagazasi.com\/wp-content\/uploads\/2019\/01\/acilitarhana500gr.jpg\",\"contentUrl\":\"https:\/\/dogalurunlermagazasi.com\/wp-content\/uploads\/2019\/01\/acilitarhana500gr.jpg\",\"width\":1500,\"height\":2000},{\"@type\":\"BreadcrumbList\",\"@id\":\"https:\/\/dogalurunlermagazasi.com\/?product=acilievtarhanasi#breadcrumb\",\"itemListElement\":[{\"@type\":\"ListItem\",\"position\":1,\"name\":\"Anasayfa\",\"item\":\"https:\/\/dogalurunlermagazasi.com\/\"},{\"@type\":\"ListItem\",\"position\":2,\"name\":\"\u00dcr\u00fcnler\",\"item\":\"https:\/\/dogalurunlermagazasi.com\/?page_id=4491\"},{\"@type\":\"ListItem\",\"position\":3,\"name\":\"500 Gr ACILI EV TARHANASI\"}]},{\"@type\":\"WebSite\",\"@id\":\"https:\/\/dogalurunlermagazasi.com\/#website\",\"url\":\"https:\/\/dogalurunlermagazasi.com\/\",\"name\":\"Do\u011fal \u00dcr\u00fcnler Ma\u011fazas\u0131\",\"description\":\"Tarihi K\u00fctahya Kona\u011f\u0131\",\"publisher\":{\"@id\":\"https:\/\/dogalurunlermagazasi.com\/#organization\"},\"potentialAction\":[{\"@type\":\"SearchAction\",\"target\":{\"@type\":\"EntryPoint\",\"urlTemplate\":\"https:\/\/dogalurunlermagazasi.com\/?s={search_term_string}\"},\"query-input\":{\"@type\":\"PropertyValueSpecification\",\"valueRequired\":true,\"valueName\":\"search_term_string\"}}],\"inLanguage\":\"tr\"},{\"@type\":\"Organization\",\"@id\":\"https:\/\/dogalurunlermagazasi.com\/#organization\",\"name\":\"Do\u011fal \u00dcr\u00fcnler Ma\u011fazas\u0131\",\"url\":\"https:\/\/dogalurunlermagazasi.com\/\",\"logo\":{\"@type\":\"ImageObject\",\"inLanguage\":\"tr\",\"@id\":\"https:\/\/dogalurunlermagazasi.com\/#\/schema\/logo\/image\/\",\"url\":\"https:\/\/dogalurunlermagazasi.com\/wp-content\/uploads\/2024\/11\/tarihikutahyakonagitarhana-e1732798681447.png\",\"contentUrl\":\"https:\/\/dogalurunlermagazasi.com\/wp-content\/uploads\/2024\/11\/tarihikutahyakonagitarhana-e1732798681447.png\",\"width\":160,\"height\":160,\"caption\":\"Do\u011fal \u00dcr\u00fcnler Ma\u011fazas\u0131\"},\"image\":{\"@id\":\"https:\/\/dogalurunlermagazasi.com\/#\/schema\/logo\/image\/\"},\"sameAs\":[\"https:\/\/www.instagram.com\/dogalurunlermagazasi\"]}]}<\/script>\n<!-- \/ Yoast SEO plugin. -->","yoast_head_json":{"title":"500 Gr ACILI EV TARHANASI - Do\u011fal \u00dcr\u00fcnler Ma\u011fazas\u0131","robots":{"index":"index","follow":"follow","max-snippet":"max-snippet:-1","max-image-preview":"max-image-preview:large","max-video-preview":"max-video-preview:-1"},"canonical":"https:\/\/dogalurunlermagazasi.com\/?product=acilievtarhanasi","og_locale":"tr_TR","og_type":"article","og_title":"500 Gr ACILI EV TARHANASI - Do\u011fal \u00dcr\u00fcnler Ma\u011fazas\u0131","og_description":"Tamamen do\u011fal ortamda, taze sebzelerden ve bol s\u00fczme k\u00f6y yo\u011furdundan \u00fcretilmektedir.    Do\u011fal y\u00f6ntemlerle mayaland\u0131r\u0131l\u0131p kurutulmaktad\u0131r.    Kesinlikle sal\u00e7a veya katk\u0131 maddesi kullan\u0131lmamaktad\u0131r.    G\u0131da kodeksine uygun \u015fekilde \u00fcretilmektedir.    \u00a0Gluten i\u00e7erir.   \u0130\u00e7eri\u011finde \u015funlar bulunmaktad\u0131r:          Sar\u0131 Bu\u011fday Unu    Ya\u011fl\u0131 S\u00fczme K\u00f6y Yo\u011furdu    K\u0131rm\u0131z\u0131 Ac\u0131l\u0131 Kapya Biber    Kuru So\u011fan    Domates    Ev mayas\u0131    Nane       Haz\u0131rlama :    Yar\u0131m su barda\u011f\u0131 tarhana 4 su barda\u011f\u0131 so\u011fuk suda eritilir.    Tencerede ya\u011f ve 1 \u00e7ay ka\u015f\u0131\u011f\u0131 domates sal\u00e7as\u0131 kavrulur.    Eritilen tarhana tencereye kat\u0131l\u0131p kaynat\u0131l\u0131r.    \u0130ste\u011fe g\u00f6re nane ve tuz ilavesi yap\u0131l\u0131r.    AF\u0130YET OLSUN.","og_url":"https:\/\/dogalurunlermagazasi.com\/?product=acilievtarhanasi","og_site_name":"Do\u011fal \u00dcr\u00fcnler Ma\u011fazas\u0131","article_modified_time":"2026-01-09T14:14:10+00:00","og_image":[{"width":1500,"height":2000,"url":"https:\/\/dogalurunlermagazasi.com\/wp-content\/uploads\/2019\/01\/acilitarhana500gr.jpg","type":"image\/jpeg"}],"twitter_card":"summary_large_image","schema":{"@context":"https:\/\/schema.org","@graph":[{"@type":"WebPage","@id":"https:\/\/dogalurunlermagazasi.com\/?product=acilievtarhanasi","url":"https:\/\/dogalurunlermagazasi.com\/?product=acilievtarhanasi","name":"500 Gr ACILI EV TARHANASI - Do\u011fal \u00dcr\u00fcnler Ma\u011fazas\u0131","isPartOf":{"@id":"https:\/\/dogalurunlermagazasi.com\/#website"},"primaryImageOfPage":{"@id":"https:\/\/dogalurunlermagazasi.com\/?product=acilievtarhanasi#primaryimage"},"image":{"@id":"https:\/\/dogalurunlermagazasi.com\/?product=acilievtarhanasi#primaryimage"},"thumbnailUrl":"https:\/\/dogalurunlermagazasi.com\/wp-content\/uploads\/2019\/01\/acilitarhana500gr.jpg","datePublished":"2019-01-11T14:16:34+00:00","dateModified":"2026-01-09T14:14:10+00:00","breadcrumb":{"@id":"https:\/\/dogalurunlermagazasi.com\/?product=acilievtarhanasi#breadcrumb"},"inLanguage":"tr","potentialAction":[{"@type":"ReadAction","target":["https:\/\/dogalurunlermagazasi.com\/?product=acilievtarhanasi"]}]},{"@type":"ImageObject","inLanguage":"tr","@id":"https:\/\/dogalurunlermagazasi.com\/?product=acilievtarhanasi#primaryimage","url":"https:\/\/dogalurunlermagazasi.com\/wp-content\/uploads\/2019\/01\/acilitarhana500gr.jpg","contentUrl":"https:\/\/dogalurunlermagazasi.com\/wp-content\/uploads\/2019\/01\/acilitarhana500gr.jpg","width":1500,"height":2000},{"@type":"BreadcrumbList","@id":"https:\/\/dogalurunlermagazasi.com\/?product=acilievtarhanasi#breadcrumb","itemListElement":[{"@type":"ListItem","position":1,"name":"Anasayfa","item":"https:\/\/dogalurunlermagazasi.com\/"},{"@type":"ListItem","position":2,"name":"\u00dcr\u00fcnler","item":"https:\/\/dogalurunlermagazasi.com\/?page_id=4491"},{"@type":"ListItem","position":3,"name":"500 Gr ACILI EV TARHANASI"}]},{"@type":"WebSite","@id":"https:\/\/dogalurunlermagazasi.com\/#website","url":"https:\/\/dogalurunlermagazasi.com\/","name":"Do\u011fal \u00dcr\u00fcnler Ma\u011fazas\u0131","description":"Tarihi K\u00fctahya Kona\u011f\u0131","publisher":{"@id":"https:\/\/dogalurunlermagazasi.com\/#organization"},"potentialAction":[{"@type":"SearchAction","target":{"@type":"EntryPoint","urlTemplate":"https:\/\/dogalurunlermagazasi.com\/?s={search_term_string}"},"query-input":{"@type":"PropertyValueSpecification","valueRequired":true,"valueName":"search_term_string"}}],"inLanguage":"tr"},{"@type":"Organization","@id":"https:\/\/dogalurunlermagazasi.com\/#organization","name":"Do\u011fal \u00dcr\u00fcnler Ma\u011fazas\u0131","url":"https:\/\/dogalurunlermagazasi.com\/","logo":{"@type":"ImageObject","inLanguage":"tr","@id":"https:\/\/dogalurunlermagazasi.com\/#\/schema\/logo\/image\/","url":"https:\/\/dogalurunlermagazasi.com\/wp-content\/uploads\/2024\/11\/tarihikutahyakonagitarhana-e1732798681447.png","contentUrl":"https:\/\/dogalurunlermagazasi.com\/wp-content\/uploads\/2024\/11\/tarihikutahyakonagitarhana-e1732798681447.png","width":160,"height":160,"caption":"Do\u011fal \u00dcr\u00fcnler Ma\u011fazas\u0131"},"image":{"@id":"https:\/\/dogalurunlermagazasi.com\/#\/schema\/logo\/image\/"},"sameAs":["https:\/\/www.instagram.com\/dogalurunlermagazasi"]}]}},"jetpack_sharing_enabled":true,"_links":{"self":[{"href":"https:\/\/dogalurunlermagazasi.com\/index.php?rest_route=\/wp\/v2\/product\/4554","targetHints":{"allow":["GET"]}}],"collection":[{"href":"https:\/\/dogalurunlermagazasi.com\/index.php?rest_route=\/wp\/v2\/product"}],"about":[{"href":"https:\/\/dogalurunlermagazasi.com\/index.php?rest_route=\/wp\/v2\/types\/product"}],"replies":[{"embeddable":true,"href":"https:\/\/dogalurunlermagazasi.com\/index.php?rest_route=%2Fwp%2Fv2%2Fcomments&post=4554"}],"version-history":[{"count":13,"href":"https:\/\/dogalurunlermagazasi.com\/index.php?rest_route=\/wp\/v2\/product\/4554\/revisions"}],"predecessor-version":[{"id":5393,"href":"https:\/\/dogalurunlermagazasi.com\/index.php?rest_route=\/wp\/v2\/product\/4554\/revisions\/5393"}],"wp:featuredmedia":[{"embeddable":true,"href":"https:\/\/dogalurunlermagazasi.com\/index.php?rest_route=\/wp\/v2\/media\/5125"}],"wp:attachment":[{"href":"https:\/\/dogalurunlermagazasi.com\/index.php?rest_route=%2Fwp%2Fv2%2Fmedia&parent=4554"}],"wp:term":[{"taxonomy":"brand","embeddable":true,"href":"https:\/\/dogalurunlermagazasi.com\/index.php?rest_route=%2Fwp%2Fv2%2Fetheme_brands&post=4554"},{"taxonomy":"product_cat","embeddable":true,"href":"https:\/\/dogalurunlermagazasi.com\/index.php?rest_route=%2Fwp%2Fv2%2Fproduct_cat&post=4554"},{"taxonomy":"product_tag","embeddable":true,"href":"https:\/\/dogalurunlermagazasi.com\/index.php?rest_route=%2Fwp%2Fv2%2Fproduct_tag&post=4554"}],"curies":[{"name":"wp","href":"https:\/\/api.w.org\/{rel}","templated":true}]}}