{"id":4501,"date":"2019-01-11T13:15:53","date_gmt":"2019-01-11T13:15:53","guid":{"rendered":"https:\/\/xstore.8theme.com\/demos\/2\/organic02\/?page_id=4501"},"modified":"2024-12-16T12:25:32","modified_gmt":"2024-12-16T12:25:32","slug":"iletisim","status":"publish","type":"page","link":"https:\/\/dogalurunlermagazasi.com\/?page_id=4501","title":{"rendered":"\u0130leti\u015fim"},"content":{"rendered":"<div class=\"wpb-content-wrapper\"><p>[vc_row][vc_column width=&#8221;1\/3&#8243; css=&#8221;.vc_custom_1547471813074{margin-bottom: 30px !important;}&#8221;][vc_custom_heading text=&#8221;\u0130leti\u015fim&#8221; font_container=&#8221;tag:h3|font_size:14px|text_align:left|color:%23222222&#8243; use_theme_fonts=&#8221;yes&#8221; css=&#8221;.vc_custom_1732191444046{margin-bottom: 15px !important;border-bottom-width: 1px !important;padding-bottom: 15px !important;border-bottom-style: solid !important;border-color: #e1e1e1 !important;}&#8221;][vc_column_text css=&#8221;.vc_custom_1734351863836{margin-bottom: 16px !important;}&#8221;]<strong>Umut&amp;U\u011fur Turizm \u0130leti\u015fim Bili\u015fim G\u0131da Tar\u0131m Sanayi ve Ticaret Limited \u015eirketi<\/strong><\/p>\n<p><img decoding=\"async\" class=\"alignnone size-full wp-image-4629\" style=\"margin-right: 12px;\" src=\"https:\/\/dogalurunlermagazasi.com\/wp-content\/uploads\/2019\/01\/placeholder.jpg\" alt=\"\" width=\"14\" height=\"19\" \/> Yenido\u011fan Mh. Dumlup\u0131nar Bul. No 133, Merkez,K\u00fctahya<br \/>\n<img decoding=\"async\" class=\"alignnone size-full wp-image-4627\" style=\"margin-right: 12px;\" src=\"https:\/\/dogalurunlermagazasi.com\/wp-content\/uploads\/2019\/01\/18-message.jpg\" alt=\"\" width=\"19\" height=\"12\" \/> Email: destek@dogalurunlermagazasi.com<br \/>\n<img decoding=\"async\" class=\"alignnone size-full wp-image-4628\" style=\"margin-right: 12px;\" src=\"https:\/\/dogalurunlermagazasi.com\/wp-content\/uploads\/2019\/01\/phone-call.jpg\" alt=\"\" width=\"19\" height=\"19\" \/> Phone: +90 507 609 66 11[\/vc_column_text]\r\n        <div class=\"et-follow-buttons buttons-size-normal justify-content-start follow-602\">\r\n\r\n                                    <a href=\"#\" class=\"follow-facebook\" target=\"_blank\" rel=\"nofollow\">\r\n                            <i class=\"et-icon et-facebook\"><\/i>\r\n                                                            <span class=\"screen-reader-text\">Facebook<\/span>\r\n                                                    <\/a>\r\n                                            <a href=\"#\" class=\"follow-instagram\" target=\"_blank\" rel=\"nofollow\">\r\n                            <i class=\"et-icon et-instagram\"><\/i>\r\n                                                            <span class=\"screen-reader-text\">Instagram<\/span>\r\n                                                    <\/a>\r\n                                            <a href=\"#\" class=\"follow-whatsapp\" target=\"_blank\" rel=\"nofollow\">\r\n                            <i class=\"et-icon et-whatsapp\"><\/i>\r\n                                                            <span class=\"screen-reader-text\">Whatsapp<\/span>\r\n                                                    <\/a>\r\n                    \r\n        <\/div>\r\n\r\n        [\/vc_column][vc_column width=&#8221;2\/3&#8243;][vc_column_text css=&#8221;.vc_custom_1732191226181{margin-bottom: 10px !important;}&#8221;]<\/p>\n<h3>B\u0130ZE ULA\u015eIN<\/h3>\n<p>&nbsp;[\/vc_column_text][vc_column_text css=&#8221;.vc_custom_1732191411429{margin-bottom: 30px !important;}&#8221;]<\/p>\n<div class=\"flex max-w-full flex-col flex-grow\">\n<div class=\"min-h-8 text-message flex w-full flex-col items-end gap-2 whitespace-normal break-words [.text-message+&amp;]:mt-5\" dir=\"auto\" data-message-author-role=\"assistant\" data-message-id=\"8eef7c75-cda0-4820-849a-eadef6415311\" data-message-model-slug=\"gpt-4o\">\n<div class=\"flex w-full flex-col gap-1 empty:hidden first:pt-[3px]\">\n<div class=\"markdown prose w-full break-words dark:prose-invert light\">\n<p>Her t\u00fcrl\u00fc toplu sipari\u015f, soru, istek, \u00f6neri veya \u015fikayetleriniz i\u00e7in bize ula\u015f\u0131n!<\/p>\n<\/div>\n<\/div>\n<\/div>\n<\/div>\n<p>[\/vc_column_text][vc_column_text]\n<div class=\"wpcf7 no-js\" id=\"wpcf7-f4657-o1\" lang=\"en-US\" dir=\"ltr\" data-wpcf7-id=\"4657\">\n<div class=\"screen-reader-response\"><p role=\"status\" aria-live=\"polite\" aria-atomic=\"true\"><\/p> <ul><\/ul><\/div>\n<form action=\"\/index.php?rest_route=%2Fwp%2Fv2%2Fpages%2F4501#wpcf7-f4657-o1\" method=\"post\" class=\"wpcf7-form init\" aria-label=\"Contact form\" novalidate=\"novalidate\" data-status=\"init\">\n<div style=\"display: none;\">\n<input type=\"hidden\" name=\"_wpcf7\" value=\"4657\" \/>\n<input type=\"hidden\" name=\"_wpcf7_version\" value=\"6.0\" \/>\n<input type=\"hidden\" name=\"_wpcf7_locale\" value=\"en_US\" \/>\n<input type=\"hidden\" name=\"_wpcf7_unit_tag\" value=\"wpcf7-f4657-o1\" \/>\n<input type=\"hidden\" name=\"_wpcf7_container_post\" value=\"0\" \/>\n<input type=\"hidden\" name=\"_wpcf7_posted_data_hash\" value=\"\" \/>\n<\/div>\n<p> \u0130sim (gerekli)<br \/>\n<span class=\"wpcf7-form-control-wrap\" data-name=\"your-name\"><input size=\"40\" maxlength=\"400\" class=\"wpcf7-form-control wpcf7-text wpcf7-validates-as-required\" aria-required=\"true\" aria-invalid=\"false\" value=\"\" type=\"text\" name=\"your-name\" \/><\/span>\n<\/p>\n<p> Email (gerekli)<br \/>\n<span class=\"wpcf7-form-control-wrap\" data-name=\"your-email\"><input size=\"40\" maxlength=\"400\" class=\"wpcf7-form-control wpcf7-email wpcf7-validates-as-required wpcf7-text wpcf7-validates-as-email\" aria-required=\"true\" aria-invalid=\"false\" value=\"\" type=\"email\" name=\"your-email\" \/><\/span>\n<\/p>\n<p> Konu (gerekli)<br \/>\n<span class=\"wpcf7-form-control-wrap\" data-name=\"text-389\"><input size=\"40\" maxlength=\"400\" class=\"wpcf7-form-control wpcf7-text wpcf7-validates-as-required\" aria-required=\"true\" aria-invalid=\"false\" value=\"\" type=\"text\" name=\"text-389\" \/><\/span>\n<\/p>\n<p> Mesaj<br \/>\n<span class=\"wpcf7-form-control-wrap\" data-name=\"your-message\"><textarea cols=\"40\" rows=\"10\" maxlength=\"2000\" class=\"wpcf7-form-control wpcf7-textarea\" aria-invalid=\"false\" name=\"your-message\"><\/textarea><\/span>\n<\/p>\n<p><input class=\"wpcf7-form-control wpcf7-submit has-spinner\" type=\"submit\" value=\"G\u00f6nder\" \/>\n<\/p><div class=\"wpcf7-response-output\" aria-hidden=\"true\"><\/div>\n<\/form>\n<\/div>\n[\/vc_column_text][\/vc_column][\/vc_row]<\/p>\n<\/div>","protected":false},"excerpt":{"rendered":"<p>[vc_row][vc_column width=&#8221;1\/3&#8243; css=&#8221;.vc_custom_1547471813074{margin-bottom: 30px !important;}&#8221;][vc_custom_heading text=&#8221;\u0130leti\u015fim&#8221; font_container=&#8221;tag:h3|font_size:14px|text_align:left|color:%23222222&#8243; use_theme_fonts=&#8221;yes&#8221; css=&#8221;.vc_custom_1732191444046{margin-bottom: 15px !important;border-bottom-width: 1px !important;padding-bottom: 15px !important;border-bottom-style: solid !important;border-color: #e1e1e1 !important;}&#8221;][vc_column_text css=&#8221;.vc_custom_1734351863836{margin-bottom: 16px !important;}&#8221;]Umut&amp;U\u011fur Turizm \u0130leti\u015fim Bili\u015fim G\u0131da Tar\u0131m Sanayi ve Ticaret Limited \u015eirketi Yenido\u011fan Mh. Dumlup\u0131nar Bul. No 133, Merkez,K\u00fctahya Email: destek@dogalurunlermagazasi.com Phone: +90 507 609<\/p>\n","protected":false},"author":1,"featured_media":0,"parent":0,"menu_order":0,"comment_status":"closed","ping_status":"closed","template":"","meta":{"footnotes":""},"class_list":["post-4501","page","type-page","status-publish","hentry"],"yoast_head":"<!-- This site is optimized with the Yoast SEO plugin v25.6 - https:\/\/yoast.com\/wordpress\/plugins\/seo\/ -->\n<title>\u0130leti\u015fim - Do\u011fal \u00dcr\u00fcnler Ma\u011fazas\u0131<\/title>\n<meta name=\"robots\" content=\"index, follow, max-snippet:-1, max-image-preview:large, max-video-preview:-1\" \/>\n<link rel=\"canonical\" href=\"https:\/\/dogalurunlermagazasi.com\/?page_id=4501\" \/>\n<meta property=\"og:locale\" content=\"tr_TR\" \/>\n<meta property=\"og:type\" content=\"article\" \/>\n<meta property=\"og:title\" content=\"\u0130leti\u015fim - Do\u011fal \u00dcr\u00fcnler Ma\u011fazas\u0131\" \/>\n<meta property=\"og:description\" content=\"[vc_row][vc_column width=&#8221;1\/3&#8243; css=&#8221;.vc_custom_1547471813074{margin-bottom: 30px !important;}&#8221;][vc_custom_heading text=&#8221;\u0130leti\u015fim&#8221; font_container=&#8221;tag:h3|font_size:14px|text_align:left|color:%23222222&#8243; use_theme_fonts=&#8221;yes&#8221; css=&#8221;.vc_custom_1732191444046{margin-bottom: 15px !important;border-bottom-width: 1px !important;padding-bottom: 15px !important;border-bottom-style: solid !important;border-color: #e1e1e1 !important;}&#8221;][vc_column_text css=&#8221;.vc_custom_1734351863836{margin-bottom: 16px !important;}&#8221;]Umut&amp;U\u011fur Turizm \u0130leti\u015fim Bili\u015fim G\u0131da Tar\u0131m Sanayi ve Ticaret Limited \u015eirketi Yenido\u011fan Mh. Dumlup\u0131nar Bul. No 133, Merkez,K\u00fctahya Email: destek@dogalurunlermagazasi.com Phone: +90 507 609\" \/>\n<meta property=\"og:url\" content=\"https:\/\/dogalurunlermagazasi.com\/?page_id=4501\" \/>\n<meta property=\"og:site_name\" content=\"Do\u011fal \u00dcr\u00fcnler Ma\u011fazas\u0131\" \/>\n<meta property=\"article:modified_time\" content=\"2024-12-16T12:25:32+00:00\" \/>\n<meta property=\"og:image\" content=\"https:\/\/dogalurunlermagazasi.com\/wp-content\/uploads\/2019\/01\/placeholder.jpg\" \/>\n\t<meta property=\"og:image:width\" content=\"14\" \/>\n\t<meta property=\"og:image:height\" content=\"19\" \/>\n\t<meta property=\"og:image:type\" content=\"image\/jpeg\" \/>\n<meta name=\"twitter:card\" content=\"summary_large_image\" \/>\n<meta name=\"twitter:label1\" content=\"Tahmini okuma s\u00fcresi\" \/>\n\t<meta name=\"twitter:data1\" content=\"1 dakika\" \/>\n<script type=\"application\/ld+json\" class=\"yoast-schema-graph\">{\"@context\":\"https:\/\/schema.org\",\"@graph\":[{\"@type\":\"WebPage\",\"@id\":\"https:\/\/dogalurunlermagazasi.com\/?page_id=4501\",\"url\":\"https:\/\/dogalurunlermagazasi.com\/?page_id=4501\",\"name\":\"\u0130leti\u015fim - Do\u011fal \u00dcr\u00fcnler Ma\u011fazas\u0131\",\"isPartOf\":{\"@id\":\"https:\/\/dogalurunlermagazasi.com\/#website\"},\"primaryImageOfPage\":{\"@id\":\"https:\/\/dogalurunlermagazasi.com\/?page_id=4501#primaryimage\"},\"image\":{\"@id\":\"https:\/\/dogalurunlermagazasi.com\/?page_id=4501#primaryimage\"},\"thumbnailUrl\":\"https:\/\/dogalurunlermagazasi.com\/wp-content\/uploads\/2019\/01\/placeholder.jpg\",\"datePublished\":\"2019-01-11T13:15:53+00:00\",\"dateModified\":\"2024-12-16T12:25:32+00:00\",\"breadcrumb\":{\"@id\":\"https:\/\/dogalurunlermagazasi.com\/?page_id=4501#breadcrumb\"},\"inLanguage\":\"tr\",\"potentialAction\":[{\"@type\":\"ReadAction\",\"target\":[\"https:\/\/dogalurunlermagazasi.com\/?page_id=4501\"]}]},{\"@type\":\"ImageObject\",\"inLanguage\":\"tr\",\"@id\":\"https:\/\/dogalurunlermagazasi.com\/?page_id=4501#primaryimage\",\"url\":\"https:\/\/dogalurunlermagazasi.com\/wp-content\/uploads\/2019\/01\/placeholder.jpg\",\"contentUrl\":\"https:\/\/dogalurunlermagazasi.com\/wp-content\/uploads\/2019\/01\/placeholder.jpg\",\"width\":14,\"height\":19},{\"@type\":\"BreadcrumbList\",\"@id\":\"https:\/\/dogalurunlermagazasi.com\/?page_id=4501#breadcrumb\",\"itemListElement\":[{\"@type\":\"ListItem\",\"position\":1,\"name\":\"Anasayfa\",\"item\":\"https:\/\/dogalurunlermagazasi.com\/\"},{\"@type\":\"ListItem\",\"position\":2,\"name\":\"\u0130leti\u015fim\"}]},{\"@type\":\"WebSite\",\"@id\":\"https:\/\/dogalurunlermagazasi.com\/#website\",\"url\":\"https:\/\/dogalurunlermagazasi.com\/\",\"name\":\"Do\u011fal \u00dcr\u00fcnler Ma\u011fazas\u0131\",\"description\":\"Tarihi K\u00fctahya Kona\u011f\u0131\",\"publisher\":{\"@id\":\"https:\/\/dogalurunlermagazasi.com\/#organization\"},\"potentialAction\":[{\"@type\":\"SearchAction\",\"target\":{\"@type\":\"EntryPoint\",\"urlTemplate\":\"https:\/\/dogalurunlermagazasi.com\/?s={search_term_string}\"},\"query-input\":{\"@type\":\"PropertyValueSpecification\",\"valueRequired\":true,\"valueName\":\"search_term_string\"}}],\"inLanguage\":\"tr\"},{\"@type\":\"Organization\",\"@id\":\"https:\/\/dogalurunlermagazasi.com\/#organization\",\"name\":\"Do\u011fal \u00dcr\u00fcnler Ma\u011fazas\u0131\",\"url\":\"https:\/\/dogalurunlermagazasi.com\/\",\"logo\":{\"@type\":\"ImageObject\",\"inLanguage\":\"tr\",\"@id\":\"https:\/\/dogalurunlermagazasi.com\/#\/schema\/logo\/image\/\",\"url\":\"https:\/\/dogalurunlermagazasi.com\/wp-content\/uploads\/2024\/11\/tarihikutahyakonagitarhana-e1732798681447.png\",\"contentUrl\":\"https:\/\/dogalurunlermagazasi.com\/wp-content\/uploads\/2024\/11\/tarihikutahyakonagitarhana-e1732798681447.png\",\"width\":160,\"height\":160,\"caption\":\"Do\u011fal \u00dcr\u00fcnler Ma\u011fazas\u0131\"},\"image\":{\"@id\":\"https:\/\/dogalurunlermagazasi.com\/#\/schema\/logo\/image\/\"},\"sameAs\":[\"https:\/\/www.instagram.com\/dogalurunlermagazasi\"]}]}<\/script>\n<!-- \/ Yoast SEO plugin. -->","yoast_head_json":{"title":"\u0130leti\u015fim - Do\u011fal \u00dcr\u00fcnler Ma\u011fazas\u0131","robots":{"index":"index","follow":"follow","max-snippet":"max-snippet:-1","max-image-preview":"max-image-preview:large","max-video-preview":"max-video-preview:-1"},"canonical":"https:\/\/dogalurunlermagazasi.com\/?page_id=4501","og_locale":"tr_TR","og_type":"article","og_title":"\u0130leti\u015fim - Do\u011fal \u00dcr\u00fcnler Ma\u011fazas\u0131","og_description":"[vc_row][vc_column width=&#8221;1\/3&#8243; css=&#8221;.vc_custom_1547471813074{margin-bottom: 30px !important;}&#8221;][vc_custom_heading text=&#8221;\u0130leti\u015fim&#8221; font_container=&#8221;tag:h3|font_size:14px|text_align:left|color:%23222222&#8243; use_theme_fonts=&#8221;yes&#8221; css=&#8221;.vc_custom_1732191444046{margin-bottom: 15px !important;border-bottom-width: 1px !important;padding-bottom: 15px !important;border-bottom-style: solid !important;border-color: #e1e1e1 !important;}&#8221;][vc_column_text css=&#8221;.vc_custom_1734351863836{margin-bottom: 16px !important;}&#8221;]Umut&amp;U\u011fur Turizm \u0130leti\u015fim Bili\u015fim G\u0131da Tar\u0131m Sanayi ve Ticaret Limited \u015eirketi Yenido\u011fan Mh. Dumlup\u0131nar Bul. No 133, Merkez,K\u00fctahya Email: destek@dogalurunlermagazasi.com Phone: +90 507 609","og_url":"https:\/\/dogalurunlermagazasi.com\/?page_id=4501","og_site_name":"Do\u011fal \u00dcr\u00fcnler Ma\u011fazas\u0131","article_modified_time":"2024-12-16T12:25:32+00:00","og_image":[{"width":14,"height":19,"url":"https:\/\/dogalurunlermagazasi.com\/wp-content\/uploads\/2019\/01\/placeholder.jpg","type":"image\/jpeg"}],"twitter_card":"summary_large_image","twitter_misc":{"Tahmini okuma s\u00fcresi":"1 dakika"},"schema":{"@context":"https:\/\/schema.org","@graph":[{"@type":"WebPage","@id":"https:\/\/dogalurunlermagazasi.com\/?page_id=4501","url":"https:\/\/dogalurunlermagazasi.com\/?page_id=4501","name":"\u0130leti\u015fim - Do\u011fal \u00dcr\u00fcnler Ma\u011fazas\u0131","isPartOf":{"@id":"https:\/\/dogalurunlermagazasi.com\/#website"},"primaryImageOfPage":{"@id":"https:\/\/dogalurunlermagazasi.com\/?page_id=4501#primaryimage"},"image":{"@id":"https:\/\/dogalurunlermagazasi.com\/?page_id=4501#primaryimage"},"thumbnailUrl":"https:\/\/dogalurunlermagazasi.com\/wp-content\/uploads\/2019\/01\/placeholder.jpg","datePublished":"2019-01-11T13:15:53+00:00","dateModified":"2024-12-16T12:25:32+00:00","breadcrumb":{"@id":"https:\/\/dogalurunlermagazasi.com\/?page_id=4501#breadcrumb"},"inLanguage":"tr","potentialAction":[{"@type":"ReadAction","target":["https:\/\/dogalurunlermagazasi.com\/?page_id=4501"]}]},{"@type":"ImageObject","inLanguage":"tr","@id":"https:\/\/dogalurunlermagazasi.com\/?page_id=4501#primaryimage","url":"https:\/\/dogalurunlermagazasi.com\/wp-content\/uploads\/2019\/01\/placeholder.jpg","contentUrl":"https:\/\/dogalurunlermagazasi.com\/wp-content\/uploads\/2019\/01\/placeholder.jpg","width":14,"height":19},{"@type":"BreadcrumbList","@id":"https:\/\/dogalurunlermagazasi.com\/?page_id=4501#breadcrumb","itemListElement":[{"@type":"ListItem","position":1,"name":"Anasayfa","item":"https:\/\/dogalurunlermagazasi.com\/"},{"@type":"ListItem","position":2,"name":"\u0130leti\u015fim"}]},{"@type":"WebSite","@id":"https:\/\/dogalurunlermagazasi.com\/#website","url":"https:\/\/dogalurunlermagazasi.com\/","name":"Do\u011fal \u00dcr\u00fcnler Ma\u011fazas\u0131","description":"Tarihi K\u00fctahya Kona\u011f\u0131","publisher":{"@id":"https:\/\/dogalurunlermagazasi.com\/#organization"},"potentialAction":[{"@type":"SearchAction","target":{"@type":"EntryPoint","urlTemplate":"https:\/\/dogalurunlermagazasi.com\/?s={search_term_string}"},"query-input":{"@type":"PropertyValueSpecification","valueRequired":true,"valueName":"search_term_string"}}],"inLanguage":"tr"},{"@type":"Organization","@id":"https:\/\/dogalurunlermagazasi.com\/#organization","name":"Do\u011fal \u00dcr\u00fcnler Ma\u011fazas\u0131","url":"https:\/\/dogalurunlermagazasi.com\/","logo":{"@type":"ImageObject","inLanguage":"tr","@id":"https:\/\/dogalurunlermagazasi.com\/#\/schema\/logo\/image\/","url":"https:\/\/dogalurunlermagazasi.com\/wp-content\/uploads\/2024\/11\/tarihikutahyakonagitarhana-e1732798681447.png","contentUrl":"https:\/\/dogalurunlermagazasi.com\/wp-content\/uploads\/2024\/11\/tarihikutahyakonagitarhana-e1732798681447.png","width":160,"height":160,"caption":"Do\u011fal \u00dcr\u00fcnler Ma\u011fazas\u0131"},"image":{"@id":"https:\/\/dogalurunlermagazasi.com\/#\/schema\/logo\/image\/"},"sameAs":["https:\/\/www.instagram.com\/dogalurunlermagazasi"]}]}},"jetpack_sharing_enabled":true,"_links":{"self":[{"href":"https:\/\/dogalurunlermagazasi.com\/index.php?rest_route=\/wp\/v2\/pages\/4501","targetHints":{"allow":["GET"]}}],"collection":[{"href":"https:\/\/dogalurunlermagazasi.com\/index.php?rest_route=\/wp\/v2\/pages"}],"about":[{"href":"https:\/\/dogalurunlermagazasi.com\/index.php?rest_route=\/wp\/v2\/types\/page"}],"author":[{"embeddable":true,"href":"https:\/\/dogalurunlermagazasi.com\/index.php?rest_route=\/wp\/v2\/users\/1"}],"replies":[{"embeddable":true,"href":"https:\/\/dogalurunlermagazasi.com\/index.php?rest_route=%2Fwp%2Fv2%2Fcomments&post=4501"}],"version-history":[{"count":5,"href":"https:\/\/dogalurunlermagazasi.com\/index.php?rest_route=\/wp\/v2\/pages\/4501\/revisions"}],"predecessor-version":[{"id":5284,"href":"https:\/\/dogalurunlermagazasi.com\/index.php?rest_route=\/wp\/v2\/pages\/4501\/revisions\/5284"}],"wp:attachment":[{"href":"https:\/\/dogalurunlermagazasi.com\/index.php?rest_route=%2Fwp%2Fv2%2Fmedia&parent=4501"}],"curies":[{"name":"wp","href":"https:\/\/api.w.org\/{rel}","templated":true}]}}