{"id":4492,"date":"2019-01-11T13:14:18","date_gmt":"2019-01-11T13:14:18","guid":{"rendered":"https:\/\/xstore.8theme.com\/demos\/2\/organic02\/cart\/"},"modified":"2024-12-01T21:41:43","modified_gmt":"2024-12-01T21:41:43","slug":"cart","status":"publish","type":"page","link":"https:\/\/dogalurunlermagazasi.com\/?page_id=4492","title":{"rendered":"Sepet"},"content":{"rendered":"<div class=\"woocommerce\">\r\n<div class=\"woocommerce-notices-wrapper\"><\/div><div class=\"wc-empty-cart-message\">\n\t<div class=\"cart-empty woocommerce-info\">\n\t\tSepetiniz \u015fu anda bo\u015f.\t<\/div>\n<\/div>\r\n<div class=\"cart-empty empty-cart-block wc-empty-cart-message\">\r\n\t\t\t<h1 style=\"text-align: center\">Sepetiniz Bo\u015f<\/h1>\n<p style=\"text-align: center\">We invite you to get acquainted with an assortment of our shop.Surely you can find something for yourself!<\/p>\t\t\t\t<p><a class=\"btn black\" href=\"https:\/\/dogalurunlermagazasi.com\/?page_id=4491\"><span>D\u00fckkana D\u00f6n<\/span><\/a><\/p>\r\n\t<\/div><\/div>\n","protected":false},"excerpt":{"rendered":"Sepetiniz \u015fu anda bo\u015f. Sepetiniz Bo\u015f We invite you to get acquainted with an assortment of our shop.Surely you can find something for yourself! D\u00fckkana D\u00f6n","protected":false},"author":1,"featured_media":0,"parent":0,"menu_order":0,"comment_status":"closed","ping_status":"closed","template":"","meta":{"footnotes":""},"class_list":["post-4492","page","type-page","status-publish","hentry"],"yoast_head":"<!-- This site is optimized with the Yoast SEO plugin v25.6 - https:\/\/yoast.com\/wordpress\/plugins\/seo\/ -->\n<title>Sepet - Do\u011fal \u00dcr\u00fcnler Ma\u011fazas\u0131<\/title>\n<meta name=\"robots\" content=\"index, follow, max-snippet:-1, max-image-preview:large, max-video-preview:-1\" \/>\n<link rel=\"canonical\" href=\"https:\/\/dogalurunlermagazasi.com\/?page_id=4492\" \/>\n<meta property=\"og:locale\" content=\"tr_TR\" \/>\n<meta property=\"og:type\" content=\"article\" \/>\n<meta property=\"og:title\" content=\"Sepet - Do\u011fal \u00dcr\u00fcnler Ma\u011fazas\u0131\" \/>\n<meta property=\"og:url\" content=\"https:\/\/dogalurunlermagazasi.com\/?page_id=4492\" \/>\n<meta property=\"og:site_name\" content=\"Do\u011fal \u00dcr\u00fcnler Ma\u011fazas\u0131\" \/>\n<meta property=\"article:modified_time\" content=\"2024-12-01T21:41:43+00:00\" \/>\n<meta name=\"twitter:card\" content=\"summary_large_image\" \/>\n<script type=\"application\/ld+json\" class=\"yoast-schema-graph\">{\"@context\":\"https:\/\/schema.org\",\"@graph\":[{\"@type\":\"WebPage\",\"@id\":\"https:\/\/dogalurunlermagazasi.com\/?page_id=4492\",\"url\":\"https:\/\/dogalurunlermagazasi.com\/?page_id=4492\",\"name\":\"Sepet - Do\u011fal \u00dcr\u00fcnler Ma\u011fazas\u0131\",\"isPartOf\":{\"@id\":\"https:\/\/dogalurunlermagazasi.com\/#website\"},\"datePublished\":\"2019-01-11T13:14:18+00:00\",\"dateModified\":\"2024-12-01T21:41:43+00:00\",\"breadcrumb\":{\"@id\":\"https:\/\/dogalurunlermagazasi.com\/?page_id=4492#breadcrumb\"},\"inLanguage\":\"tr\",\"potentialAction\":[{\"@type\":\"ReadAction\",\"target\":[\"https:\/\/dogalurunlermagazasi.com\/?page_id=4492\"]}]},{\"@type\":\"BreadcrumbList\",\"@id\":\"https:\/\/dogalurunlermagazasi.com\/?page_id=4492#breadcrumb\",\"itemListElement\":[{\"@type\":\"ListItem\",\"position\":1,\"name\":\"Anasayfa\",\"item\":\"https:\/\/dogalurunlermagazasi.com\/\"},{\"@type\":\"ListItem\",\"position\":2,\"name\":\"Sepet\"}]},{\"@type\":\"WebSite\",\"@id\":\"https:\/\/dogalurunlermagazasi.com\/#website\",\"url\":\"https:\/\/dogalurunlermagazasi.com\/\",\"name\":\"Do\u011fal \u00dcr\u00fcnler Ma\u011fazas\u0131\",\"description\":\"Tarihi K\u00fctahya Kona\u011f\u0131\",\"publisher\":{\"@id\":\"https:\/\/dogalurunlermagazasi.com\/#organization\"},\"potentialAction\":[{\"@type\":\"SearchAction\",\"target\":{\"@type\":\"EntryPoint\",\"urlTemplate\":\"https:\/\/dogalurunlermagazasi.com\/?s={search_term_string}\"},\"query-input\":{\"@type\":\"PropertyValueSpecification\",\"valueRequired\":true,\"valueName\":\"search_term_string\"}}],\"inLanguage\":\"tr\"},{\"@type\":\"Organization\",\"@id\":\"https:\/\/dogalurunlermagazasi.com\/#organization\",\"name\":\"Do\u011fal \u00dcr\u00fcnler Ma\u011fazas\u0131\",\"url\":\"https:\/\/dogalurunlermagazasi.com\/\",\"logo\":{\"@type\":\"ImageObject\",\"inLanguage\":\"tr\",\"@id\":\"https:\/\/dogalurunlermagazasi.com\/#\/schema\/logo\/image\/\",\"url\":\"https:\/\/dogalurunlermagazasi.com\/wp-content\/uploads\/2024\/11\/tarihikutahyakonagitarhana-e1732798681447.png\",\"contentUrl\":\"https:\/\/dogalurunlermagazasi.com\/wp-content\/uploads\/2024\/11\/tarihikutahyakonagitarhana-e1732798681447.png\",\"width\":160,\"height\":160,\"caption\":\"Do\u011fal \u00dcr\u00fcnler Ma\u011fazas\u0131\"},\"image\":{\"@id\":\"https:\/\/dogalurunlermagazasi.com\/#\/schema\/logo\/image\/\"},\"sameAs\":[\"https:\/\/www.instagram.com\/dogalurunlermagazasi\"]}]}<\/script>\n<!-- \/ Yoast SEO plugin. -->","yoast_head_json":{"title":"Sepet - Do\u011fal \u00dcr\u00fcnler Ma\u011fazas\u0131","robots":{"index":"index","follow":"follow","max-snippet":"max-snippet:-1","max-image-preview":"max-image-preview:large","max-video-preview":"max-video-preview:-1"},"canonical":"https:\/\/dogalurunlermagazasi.com\/?page_id=4492","og_locale":"tr_TR","og_type":"article","og_title":"Sepet - Do\u011fal \u00dcr\u00fcnler Ma\u011fazas\u0131","og_url":"https:\/\/dogalurunlermagazasi.com\/?page_id=4492","og_site_name":"Do\u011fal \u00dcr\u00fcnler Ma\u011fazas\u0131","article_modified_time":"2024-12-01T21:41:43+00:00","twitter_card":"summary_large_image","schema":{"@context":"https:\/\/schema.org","@graph":[{"@type":"WebPage","@id":"https:\/\/dogalurunlermagazasi.com\/?page_id=4492","url":"https:\/\/dogalurunlermagazasi.com\/?page_id=4492","name":"Sepet - Do\u011fal \u00dcr\u00fcnler Ma\u011fazas\u0131","isPartOf":{"@id":"https:\/\/dogalurunlermagazasi.com\/#website"},"datePublished":"2019-01-11T13:14:18+00:00","dateModified":"2024-12-01T21:41:43+00:00","breadcrumb":{"@id":"https:\/\/dogalurunlermagazasi.com\/?page_id=4492#breadcrumb"},"inLanguage":"tr","potentialAction":[{"@type":"ReadAction","target":["https:\/\/dogalurunlermagazasi.com\/?page_id=4492"]}]},{"@type":"BreadcrumbList","@id":"https:\/\/dogalurunlermagazasi.com\/?page_id=4492#breadcrumb","itemListElement":[{"@type":"ListItem","position":1,"name":"Anasayfa","item":"https:\/\/dogalurunlermagazasi.com\/"},{"@type":"ListItem","position":2,"name":"Sepet"}]},{"@type":"WebSite","@id":"https:\/\/dogalurunlermagazasi.com\/#website","url":"https:\/\/dogalurunlermagazasi.com\/","name":"Do\u011fal \u00dcr\u00fcnler Ma\u011fazas\u0131","description":"Tarihi K\u00fctahya Kona\u011f\u0131","publisher":{"@id":"https:\/\/dogalurunlermagazasi.com\/#organization"},"potentialAction":[{"@type":"SearchAction","target":{"@type":"EntryPoint","urlTemplate":"https:\/\/dogalurunlermagazasi.com\/?s={search_term_string}"},"query-input":{"@type":"PropertyValueSpecification","valueRequired":true,"valueName":"search_term_string"}}],"inLanguage":"tr"},{"@type":"Organization","@id":"https:\/\/dogalurunlermagazasi.com\/#organization","name":"Do\u011fal \u00dcr\u00fcnler Ma\u011fazas\u0131","url":"https:\/\/dogalurunlermagazasi.com\/","logo":{"@type":"ImageObject","inLanguage":"tr","@id":"https:\/\/dogalurunlermagazasi.com\/#\/schema\/logo\/image\/","url":"https:\/\/dogalurunlermagazasi.com\/wp-content\/uploads\/2024\/11\/tarihikutahyakonagitarhana-e1732798681447.png","contentUrl":"https:\/\/dogalurunlermagazasi.com\/wp-content\/uploads\/2024\/11\/tarihikutahyakonagitarhana-e1732798681447.png","width":160,"height":160,"caption":"Do\u011fal \u00dcr\u00fcnler Ma\u011fazas\u0131"},"image":{"@id":"https:\/\/dogalurunlermagazasi.com\/#\/schema\/logo\/image\/"},"sameAs":["https:\/\/www.instagram.com\/dogalurunlermagazasi"]}]}},"jetpack_sharing_enabled":true,"_links":{"self":[{"href":"https:\/\/dogalurunlermagazasi.com\/index.php?rest_route=\/wp\/v2\/pages\/4492","targetHints":{"allow":["GET"]}}],"collection":[{"href":"https:\/\/dogalurunlermagazasi.com\/index.php?rest_route=\/wp\/v2\/pages"}],"about":[{"href":"https:\/\/dogalurunlermagazasi.com\/index.php?rest_route=\/wp\/v2\/types\/page"}],"author":[{"embeddable":true,"href":"https:\/\/dogalurunlermagazasi.com\/index.php?rest_route=\/wp\/v2\/users\/1"}],"replies":[{"embeddable":true,"href":"https:\/\/dogalurunlermagazasi.com\/index.php?rest_route=%2Fwp%2Fv2%2Fcomments&post=4492"}],"version-history":[{"count":2,"href":"https:\/\/dogalurunlermagazasi.com\/index.php?rest_route=\/wp\/v2\/pages\/4492\/revisions"}],"predecessor-version":[{"id":5201,"href":"https:\/\/dogalurunlermagazasi.com\/index.php?rest_route=\/wp\/v2\/pages\/4492\/revisions\/5201"}],"wp:attachment":[{"href":"https:\/\/dogalurunlermagazasi.com\/index.php?rest_route=%2Fwp%2Fv2%2Fmedia&parent=4492"}],"curies":[{"name":"wp","href":"https:\/\/api.w.org\/{rel}","templated":true}]}}